{"id":8051,"date":"2024-08-26T10:20:20","date_gmt":"2024-08-26T08:20:20","guid":{"rendered":"https:\/\/moszielonka.pl\/?page_id=8051"},"modified":"2024-08-26T11:03:05","modified_gmt":"2024-08-26T09:03:05","slug":"rozpoczecie-roku-szkolnego-2024","status":"publish","type":"page","link":"https:\/\/moszielonka.pl\/index.php\/aktualnosci-old\/rozpoczecie-roku-szkolnego-2024\/","title":{"rendered":"Rozpocz\u0119cie roku szkolnego 2024"},"content":{"rendered":"\t\t<div data-elementor-type=\"wp-post\" data-elementor-id=\"8051\" class=\"elementor elementor-8051\">\n\t\t\t\t\t\t<section class=\"elementor-section elementor-top-section elementor-element elementor-element-1bcf868 elementor-section-boxed elementor-section-height-default elementor-section-height-default\" data-id=\"1bcf868\" data-element_type=\"section\">\n\t\t\t\t\t\t<div class=\"elementor-container elementor-column-gap-default\">\n\t\t\t\t\t<div class=\"elementor-column elementor-col-100 elementor-top-column elementor-element elementor-element-9a9756c\" data-id=\"9a9756c\" data-element_type=\"column\">\n\t\t\t<div class=\"elementor-widget-wrap elementor-element-populated\">\n\t\t\t\t\t\t<div class=\"elementor-element elementor-element-a3ecd37 elementor-widget elementor-widget-text-editor\" data-id=\"a3ecd37\" data-element_type=\"widget\" data-widget_type=\"text-editor.default\">\n\t\t\t\t<div class=\"elementor-widget-container\">\n\t\t\t<style>\/*! elementor - v3.19.0 - 28-02-2024 *\/\n.elementor-widget-text-editor.elementor-drop-cap-view-stacked .elementor-drop-cap{background-color:#69727d;color:#fff}.elementor-widget-text-editor.elementor-drop-cap-view-framed .elementor-drop-cap{color:#69727d;border:3px solid;background-color:transparent}.elementor-widget-text-editor:not(.elementor-drop-cap-view-default) .elementor-drop-cap{margin-top:8px}.elementor-widget-text-editor:not(.elementor-drop-cap-view-default) .elementor-drop-cap-letter{width:1em;height:1em}.elementor-widget-text-editor .elementor-drop-cap{float:left;text-align:center;line-height:1;font-size:50px}.elementor-widget-text-editor .elementor-drop-cap-letter{display:inline-block}<\/style>\t\t\t\t<p>Serdecznie zapraszamy na rozpocz\u0119cie roku szkolnego 2024\/2025, kt\u00f3re odb\u0119dzie si\u0119 2 wrze\u015bnia 2024 r. o godzinie 14:00!<\/p><p>Przypominamy, \u017ce dzieci powinny by\u0107 ju\u017c spakowane na ca\u0142y tydzie\u0144 oraz mie\u0107 ze sob\u0105 zeszyty, pi\u00f3rnik z wyposa\u017ceniem, str\u00f3j na WF, \u015brodki higieniczne oraz klapki.<\/p><p>Czekamy na Pa\u0144stwa i mamy nadziej\u0119 na owocn\u0105 wsp\u00f3\u0142prac\u0119 przez ca\u0142y rok!&nbsp;<\/p>\t\t\t\t\t\t<\/div>\n\t\t\t\t<\/div>\n\t\t\t\t\t<\/div>\n\t\t<\/div>\n\t\t\t\t\t<\/div>\n\t\t<\/section>\n\t\t\t\t<\/div>\n\t\t","protected":false},"excerpt":{"rendered":"<p>Serdecznie zapraszamy na rozpocz\u0119cie roku szkolnego 2024\/2025, kt\u00f3re odb\u0119dzie si\u0119 2 wrze\u015bnia [&hellip;]<\/p>\n","protected":false},"author":5,"featured_media":0,"parent":809,"menu_order":0,"comment_status":"closed","ping_status":"closed","template":"","meta":{"footnotes":""},"class_list":["post-8051","page","type-page","status-publish","hentry"],"_links":{"self":[{"href":"https:\/\/moszielonka.pl\/index.php\/wp-json\/wp\/v2\/pages\/8051","targetHints":{"allow":["GET"]}}],"collection":[{"href":"https:\/\/moszielonka.pl\/index.php\/wp-json\/wp\/v2\/pages"}],"about":[{"href":"https:\/\/moszielonka.pl\/index.php\/wp-json\/wp\/v2\/types\/page"}],"author":[{"embeddable":true,"href":"https:\/\/moszielonka.pl\/index.php\/wp-json\/wp\/v2\/users\/5"}],"replies":[{"embeddable":true,"href":"https:\/\/moszielonka.pl\/index.php\/wp-json\/wp\/v2\/comments?post=8051"}],"version-history":[{"count":0,"href":"https:\/\/moszielonka.pl\/index.php\/wp-json\/wp\/v2\/pages\/8051\/revisions"}],"up":[{"embeddable":true,"href":"https:\/\/moszielonka.pl\/index.php\/wp-json\/wp\/v2\/pages\/809"}],"wp:attachment":[{"href":"https:\/\/moszielonka.pl\/index.php\/wp-json\/wp\/v2\/media?parent=8051"}],"curies":[{"name":"wp","href":"https:\/\/api.w.org\/{rel}","templated":true}]}}