{"id":1409,"date":"2022-05-10T09:29:04","date_gmt":"2022-05-10T07:29:04","guid":{"rendered":"http:\/\/moszielonka.pl\/?page_id=1409"},"modified":"2024-04-10T11:30:02","modified_gmt":"2024-04-10T09:30:02","slug":"rekrutacja","status":"publish","type":"page","link":"https:\/\/moszielonka.pl\/index.php\/rekrutacja\/","title":{"rendered":"Rekrutacja"},"content":{"rendered":"\t\t<div data-elementor-type=\"wp-page\" data-elementor-id=\"1409\" class=\"elementor elementor-1409\">\n\t\t\t\t\t\t<section class=\"elementor-section elementor-top-section elementor-element elementor-element-00b77c1 elementor-section-boxed elementor-section-height-default elementor-section-height-default\" data-id=\"00b77c1\" data-element_type=\"section\">\n\t\t\t\t\t\t<div class=\"elementor-container elementor-column-gap-default\">\n\t\t\t\t\t<div class=\"elementor-column elementor-col-100 elementor-top-column elementor-element elementor-element-23ffc72\" data-id=\"23ffc72\" data-element_type=\"column\">\n\t\t\t<div class=\"elementor-widget-wrap elementor-element-populated\">\n\t\t\t\t\t\t<div class=\"elementor-element elementor-element-654717e elementor-widget elementor-widget-text-editor\" data-id=\"654717e\" data-element_type=\"widget\" data-widget_type=\"text-editor.default\">\n\t\t\t\t<div class=\"elementor-widget-container\">\n\t\t\t<style>\/*! elementor - v3.19.0 - 28-02-2024 *\/\n.elementor-widget-text-editor.elementor-drop-cap-view-stacked .elementor-drop-cap{background-color:#69727d;color:#fff}.elementor-widget-text-editor.elementor-drop-cap-view-framed .elementor-drop-cap{color:#69727d;border:3px solid;background-color:transparent}.elementor-widget-text-editor:not(.elementor-drop-cap-view-default) .elementor-drop-cap{margin-top:8px}.elementor-widget-text-editor:not(.elementor-drop-cap-view-default) .elementor-drop-cap-letter{width:1em;height:1em}.elementor-widget-text-editor .elementor-drop-cap{float:left;text-align:center;line-height:1;font-size:50px}.elementor-widget-text-editor .elementor-drop-cap-letter{display:inline-block}<\/style>\t\t\t\t<p>Szanowni Pa\u0144stwo,<\/p><p>\u00a0<\/p><p>M\u0142odzie\u017cowy O\u015brodek Socjoterapii w Zielonce og\u0142asza nab\u00f3r na przysz\u0142y rok szkolny 2024\/2025 oraz aktualnie przyjmuje dzieci i m\u0142odzie\u017c z klas 1 \u2013 8, potrzebuj\u0105ce specjalistycznej pomocy w pokonywaniu trudno\u015bci :<\/p><p>&#8211; edukacyjnych,<\/p><p>&#8211; wychowawczych,<\/p><p>&#8211; adaptacyjnych,<\/p><p>&#8211; opieku\u0144czych,<\/p><p>&#8211; l\u0119kach i depresjach,<\/p><p>&#8211; uko\u0144czenia Szko\u0142y Podstawowej.<\/p><p>\u00a0<\/p><p>Zapewniamy:<\/p><p>&#8211; sta\u0142\u0105 opiek\u0119 i pomoc terapeut\u00f3w, psychoterapeut\u00f3w, lekarzy \u2013 w r\u00f3\u017cnym zakresie;<\/p><p>&#8211; leczenie stan\u00f3w l\u0119kowych i depresyjnych;<\/p><p>&#8211; przeciwdzia\u0142anie uzale\u017cnieniom pod opiek\u0105 wybitnych terapeut\u00f3w;<\/p><p>&#8211; r\u00f3\u017cnorodne formy sp\u0119dzania wolnego czasu;<\/p><p>&#8211; mo\u017cliwo\u015b\u0107 zamieszkania w jednym z internat\u00f3w (pokoje 2, 3, 4-osobowe).<\/p><p>\u00a0<\/p><p>\u00a0<\/p><p>\u00a0<\/p><p>\u00a0\u00a0\u00a0\u00a0\u00a0\u00a0\u00a0\u00a0\u00a0\u00a0\u00a0\u00a0\u00a0\u00a0\u00a0\u00a0\u00a0\u00a0\u00a0\u00a0\u00a0\u00a0\u00a0\u00a0\u00a0\u00a0\u00a0\u00a0\u00a0\u00a0\u00a0\u00a0\u00a0\u00a0\u00a0\u00a0\u00a0\u00a0\u00a0\u00a0\u00a0\u00a0\u00a0\u00a0\u00a0\u00a0 Pozostajemy z powa\u017caniem i zapraszamy podopiecznych<\/p>\t\t\t\t\t\t<\/div>\n\t\t\t\t<\/div>\n\t\t\t\t\t<\/div>\n\t\t<\/div>\n\t\t\t\t\t<\/div>\n\t\t<\/section>\n\t\t\t\t<\/div>\n\t\t","protected":false},"excerpt":{"rendered":"<p>Szanowni Pa\u0144stwo, \u00a0 M\u0142odzie\u017cowy O\u015brodek Socjoterapii w Zielonce og\u0142asza nab\u00f3r na przysz\u0142y [&hellip;]<\/p>\n","protected":false},"author":1,"featured_media":0,"parent":0,"menu_order":1,"comment_status":"closed","ping_status":"closed","template":"","meta":{"footnotes":""},"class_list":["post-1409","page","type-page","status-publish","hentry"],"_links":{"self":[{"href":"https:\/\/moszielonka.pl\/index.php\/wp-json\/wp\/v2\/pages\/1409","targetHints":{"allow":["GET"]}}],"collection":[{"href":"https:\/\/moszielonka.pl\/index.php\/wp-json\/wp\/v2\/pages"}],"about":[{"href":"https:\/\/moszielonka.pl\/index.php\/wp-json\/wp\/v2\/types\/page"}],"author":[{"embeddable":true,"href":"https:\/\/moszielonka.pl\/index.php\/wp-json\/wp\/v2\/users\/1"}],"replies":[{"embeddable":true,"href":"https:\/\/moszielonka.pl\/index.php\/wp-json\/wp\/v2\/comments?post=1409"}],"version-history":[{"count":0,"href":"https:\/\/moszielonka.pl\/index.php\/wp-json\/wp\/v2\/pages\/1409\/revisions"}],"wp:attachment":[{"href":"https:\/\/moszielonka.pl\/index.php\/wp-json\/wp\/v2\/media?parent=1409"}],"curies":[{"name":"wp","href":"https:\/\/api.w.org\/{rel}","templated":true}]}}