{"id":1178,"date":"2022-03-17T14:43:13","date_gmt":"2022-03-17T13:43:13","guid":{"rendered":"http:\/\/moszielonka.pl\/?page_id=1178"},"modified":"2023-07-04T12:13:02","modified_gmt":"2023-07-04T10:13:02","slug":"szkola-branzowa","status":"publish","type":"page","link":"https:\/\/moszielonka.pl\/index.php\/szkoly\/szkola-branzowa\/","title":{"rendered":"Szko\u0142a Bran\u017cowa"},"content":{"rendered":"\t\t<div data-elementor-type=\"wp-page\" data-elementor-id=\"1178\" class=\"elementor elementor-1178\">\n\t\t\t\t\t\t<section class=\"elementor-section elementor-top-section elementor-element elementor-element-67908b6 elementor-section-boxed elementor-section-height-default elementor-section-height-default\" data-id=\"67908b6\" data-element_type=\"section\">\n\t\t\t\t\t\t<div class=\"elementor-container elementor-column-gap-default\">\n\t\t\t\t\t<div class=\"elementor-column elementor-col-100 elementor-top-column elementor-element elementor-element-4bd908f\" data-id=\"4bd908f\" data-element_type=\"column\">\n\t\t\t<div class=\"elementor-widget-wrap elementor-element-populated\">\n\t\t\t\t\t\t<div class=\"elementor-element elementor-element-724048a elementor-widget elementor-widget-text-editor\" data-id=\"724048a\" data-element_type=\"widget\" data-widget_type=\"text-editor.default\">\n\t\t\t\t<div class=\"elementor-widget-container\">\n\t\t\t<style>\/*! elementor - v3.19.0 - 28-02-2024 *\/\n.elementor-widget-text-editor.elementor-drop-cap-view-stacked .elementor-drop-cap{background-color:#69727d;color:#fff}.elementor-widget-text-editor.elementor-drop-cap-view-framed .elementor-drop-cap{color:#69727d;border:3px solid;background-color:transparent}.elementor-widget-text-editor:not(.elementor-drop-cap-view-default) .elementor-drop-cap{margin-top:8px}.elementor-widget-text-editor:not(.elementor-drop-cap-view-default) .elementor-drop-cap-letter{width:1em;height:1em}.elementor-widget-text-editor .elementor-drop-cap{float:left;text-align:center;line-height:1;font-size:50px}.elementor-widget-text-editor .elementor-drop-cap-letter{display:inline-block}<\/style>\t\t\t\t<p style=\"outline: 0px; padding: 0px; margin-bottom: 10px; font-variant-numeric: normal; font-variant-east-asian: normal; font-stretch: normal; font-size: 14px; line-height: 20px; font-family: Arial, Tahoma, Verdana, serif; color: #383838;\"><span style=\"outline: 0px; padding: 0px; margin: 0px; font-family: Verdana, Arial, Helvetica, sans-serif;\">1. Niepubliczna Szko\u0142a Bran\u017cowa I\u00a0Stopnia w\u00a0Zielonce rozpocz\u0119\u0142a dzia\u0142alno\u015b\u0107 01 wrze\u015bnia 2014r.<\/span><br style=\"outline: 0px; padding: 0px; margin: 0px;\" \/><span style=\"outline: 0px; padding: 0px; margin: 0px; font-family: Verdana, Arial, Helvetica, sans-serif;\">2. Kszta\u0142ci m\u0142odzie\u017c przebywaj\u0105c\u0105 w\u00a0M\u0142odzie\u017cowym O\u015brodku Socjoterapii w\u00a0Zielonce, ul. Marecka 76.<\/span><br style=\"outline: 0px; padding: 0px; margin: 0px;\" \/><span style=\"outline: 0px; padding: 0px; margin: 0px; font-family: Verdana, Arial, Helvetica, sans-serif;\">3. Niepubliczna Szko\u0142a Bran\u017cowa I\u00a0Stopnia w\u00a0Zielonce jest szko\u0142\u0105 niepubliczn\u0105 z\u00a0uprawnieniami szko\u0142y publicznej o\u00a03\u00a0-letnim cyklu kszta\u0142cenia. Kszta\u0142ci ch\u0142opc\u00f3w w\u00a0zawodzie stolarz.<\/span><br style=\"outline: 0px; padding: 0px; margin: 0px;\" \/><span style=\"outline: 0px; padding: 0px; margin: 0px; font-family: Verdana, Arial, Helvetica, sans-serif;\">4. Niepubliczna Szko\u0142a Bran\u017cowa I\u00a0Stopnia w\u00a0Zielonce kszta\u0142ci m\u0142odzie\u017c, kt\u00f3ra z\u00a0powodu zaburze\u0144 rozwojowych, trudno\u015bci w\u00a0uczeniu si\u0119 oraz zaburze\u0144 w\u00a0funkcjonowaniu spo\u0142ecznym mo\u017ce by\u0107 zagro\u017cona niedostosowaniem spo\u0142ecznym oraz niedostosowana spo\u0142ecznie i\u00a0wymaga stosowania specjalnej organizacji nauki a\u00a0tak\u017ce metod pracy oraz pomocy psychoedukacyjnej.<\/span><br style=\"outline: 0px; padding: 0px; margin: 0px;\" \/><span style=\"outline: 0px; padding: 0px; margin: 0px; font-family: Verdana, Arial, Helvetica, sans-serif;\">5. Organem sprawuj\u0105cym nadz\u00f3r pedagogiczny jest Mazowiecki Kurator O\u015bwiaty.<\/span><br style=\"outline: 0px; padding: 0px; margin: 0px;\" \/><span style=\"outline: 0px; padding: 0px; margin: 0px; font-family: Verdana, Arial, Helvetica, sans-serif;\">6. Niepubliczna Szko\u0142a Bran\u017cowa I\u00a0Stopnia jest trzyklasow\u0105 szko\u0142\u0105 niepubliczn\u0105 kszta\u0142c\u0105c\u0105 m\u0142odzie\u017c w\u00a0normie intelektualnej i\u00a0kt\u00f3ra:<\/span><br style=\"outline: 0px; padding: 0px; margin: 0px;\" \/><span style=\"outline: 0px; padding: 0px; margin: 0px; font-family: Verdana, Arial, Helvetica, sans-serif;\">\u00a0 \u00a0a) Zapewnia nauczanie w\u00a0zakresie obowi\u0105zuj\u0105cego ramowego planu nauczania, umo\u017cliwiaj\u0105cego realizacj\u0119 podstawy programowej,<\/span><br style=\"outline: 0px; padding: 0px; margin: 0px;\" \/><span style=\"outline: 0px; padding: 0px; margin: 0px; font-family: Verdana, Arial, Helvetica, sans-serif;\">\u00a0 \u00a0b) Umo\u017cliwia zdobycie wiedzy i\u00a0umiej\u0119tno\u015bci niezb\u0119dnych do uzyskania \u015bwiadectwa uko\u0144czenia szko\u0142y, egzaminu potwierdzaj\u0105cego kwalifikacje\u00a0w\u00a0zawodzie,<\/span><br style=\"outline: 0px; padding: 0px; margin: 0px;\" \/><span style=\"outline: 0px; padding: 0px; margin: 0px; font-family: Verdana, Arial, Helvetica, sans-serif;\">\u00a0 \u00a0c) Zatrudnia nauczycieli posiadaj\u0105cych kwalifikacje okre\u015blone w\u00a0odr\u0119bnych przepisach (Rozporz\u0105dzenie Ministra Edukacji Narodowej z\u00a012 marca 2009 roku w\u00a0sprawie szczeg\u00f3\u0142owych kwalifikacji wymaganych od nauczycieli oraz okre\u015blenia szk\u00f3\u0142 i\u00a0wypadk\u00f3w, w\u00a0kt\u00f3rych mo\u017cna zatrudni\u0107 nauczycieli niemaj\u0105cych wy\u017cszego wykszta\u0142cenia lub uko\u0144czonego zak\u0142adu kszta\u0142cenia nauczycieli),<\/span><br style=\"outline: 0px; padding: 0px; margin: 0px;\" \/><span style=\"outline: 0px; padding: 0px; margin: 0px; font-family: Verdana, Arial, Helvetica, sans-serif;\">\u00a0 \u00a0d) Realizuje ustalone przez MEN zasady oceniania i\u00a0promowania uczni\u00f3w okre\u015blone w\u00a0Wewn\u0105trzszkolnych Zasadach Oceniania (WZO).<\/span><br style=\"outline: 0px; padding: 0px; margin: 0px;\" \/><span style=\"outline: 0px; padding: 0px; margin: 0px; font-family: Verdana, Arial, Helvetica, sans-serif;\">7. Niepubliczna Szko\u0142a Bran\u017cowa I\u00a0Stopnia realizuje cele i\u00a0zadania okre\u015blone w\u00a0ustawie oraz w\u00a0przepisach wydanych na jej podstawie a\u00a0w\u00a0szczeg\u00f3lno\u015bci:<\/span><br style=\"outline: 0px; padding: 0px; margin: 0px;\" \/><span style=\"outline: 0px; padding: 0px; margin: 0px; font-family: Verdana, Arial, Helvetica, sans-serif;\">\u00a0 \u00a0a) Dba o\u00a0wszechstronny rozw\u00f3j ucznia na miar\u0119 jego indywidualnych mo\u017cliwo\u015bci,<\/span><br style=\"outline: 0px; padding: 0px; margin: 0px;\" \/><span style=\"outline: 0px; padding: 0px; margin: 0px; font-family: Verdana, Arial, Helvetica, sans-serif;\">\u00a0 \u00a0b) Przygotowuje do pe\u0142nienia r\u00f3l spo\u0142ecznych w\u00a0jego \u015brodowisku, niezale\u017cnie i\u00a0godnie,<\/span><br style=\"outline: 0px; padding: 0px; margin: 0px;\" \/><span style=\"outline: 0px; padding: 0px; margin: 0px; font-family: Verdana, Arial, Helvetica, sans-serif;\">\u00a0 \u00a0c) Kszta\u0142tuje podstawowe normy spo\u0142eczne i\u00a0moralne,<\/span><br style=\"outline: 0px; padding: 0px; margin: 0px;\" \/><span style=\"outline: 0px; padding: 0px; margin: 0px; font-family: Verdana, Arial, Helvetica, sans-serif;\">\u00a0 \u00a0d) Umo\u017cliwia rozw\u00f3j zainteresowa\u0144 poznawczych, artystycznych i\u00a0sportowych uczni\u00f3w,<\/span><br style=\"outline: 0px; padding: 0px; margin: 0px;\" \/><span style=\"outline: 0px; padding: 0px; margin: 0px; font-family: Verdana, Arial, Helvetica, sans-serif;\">\u00a0 \u00a0e) Rozwija aktywno\u015b\u0107 tw\u00f3rcz\u0105 daj\u0105c uczniom szans\u0119 na wyra\u017canie w\u0142asnych emocji i\u00a0prze\u017cy\u0107,<\/span><br style=\"outline: 0px; padding: 0px; margin: 0px;\" \/><span style=\"outline: 0px; padding: 0px; margin: 0px; font-family: Verdana, Arial, Helvetica, sans-serif;\">\u00a0 \u00a0f) Kszta\u0142tuje poczucie estetyki i\u00a0wra\u017cliwo\u015bci na pi\u0119kno przyrody i\u00a0wytwory pracy ludzkiej,<\/span><br style=\"outline: 0px; padding: 0px; margin: 0px;\" \/><span style=\"outline: 0px; padding: 0px; margin: 0px; font-family: Verdana, Arial, Helvetica, sans-serif;\">\u00a0 \u00a0g) Organizuje i\u00a0udziela pomoc psychologiczno \u2013 pedagogiczn\u0105,<\/span><br style=\"outline: 0px; padding: 0px; margin: 0px;\" \/><span style=\"outline: 0px; padding: 0px; margin: 0px; font-family: Verdana, Arial, Helvetica, sans-serif;\">\u00a0 \u00a0h) Organizuje opiek\u0119 lekarsk\u0105, piel\u0119gniarsk\u0105 i\u00a0psychologiczn\u0105,<\/span><br style=\"outline: 0px; padding: 0px; margin: 0px;\" \/><span style=\"outline: 0px; padding: 0px; margin: 0px; font-family: Verdana, Arial, Helvetica, sans-serif;\">\u00a0 \u00a0i) Zapewnia pomoc materialn\u0105 uczniom, kt\u00f3rym jest ona konieczna z\u00a0powod\u00f3w rodzinnych lub losowych w\u00a0ramach posiadanych \u015brodk\u00f3w,<\/span><br style=\"outline: 0px; padding: 0px; margin: 0px;\" \/><span style=\"outline: 0px; padding: 0px; margin: 0px; font-family: Verdana, Arial, Helvetica, sans-serif;\">\u00a0 \u00a0j) Zapewnia opiek\u0119 podczas zaj\u0119\u0107 poza terenem szko\u0142y,<\/span><br style=\"outline: 0px; padding: 0px; margin: 0px;\" \/><span style=\"outline: 0px; padding: 0px; margin: 0px; font-family: Verdana, Arial, Helvetica, sans-serif;\">\u00a0 \u00a0k) Organizuje dy\u017cury podczas posi\u0142k\u00f3w wg ustalonego harmonogramu,<\/span><br style=\"outline: 0px; padding: 0px; margin: 0px;\" \/><span style=\"outline: 0px; padding: 0px; margin: 0px; font-family: Verdana, Arial, Helvetica, sans-serif;\">\u00a0 \u00a0l) Zapewnia bezpiecze\u0144stwo uczniom na terenie szko\u0142y.<\/span><br style=\"outline: 0px; padding: 0px; margin: 0px;\" \/><span style=\"outline: 0px; padding: 0px; margin: 0px; font-family: Verdana, Arial, Helvetica, sans-serif;\"><br style=\"outline: 0px; padding: 0px; margin: 0px;\" \/><\/span><span style=\"outline: 0px; padding: 0px; margin: 0px; font-family: Verdana, Arial, Helvetica, sans-serif;\">Niepubliczna Szko\u0142a Bran\u017cowa I\u00a0Stopnia mie\u015bci si\u0119 przy ul. Laskowej 4\u00a0w\u00a0Wolominie, w\u00a0nowoczesnym, przestronnym budynku, przystosowanym do potrzeb uczni\u00f3w.\u00a0<\/span><br style=\"outline: 0px; padding: 0px; margin: 0px;\" \/><span style=\"outline: 0px; padding: 0px; margin: 0px; font-family: Verdana, Arial, Helvetica, sans-serif;\">Adres: 05-200 Wo\u0142omin, ul. Laskowa 4<\/span><br style=\"outline: 0px; padding: 0px; margin: 0px;\" \/><span style=\"outline: 0px; padding: 0px; margin: 0px; font-family: Verdana, Arial, Helvetica, sans-serif;\">Telefon: 22\/763 40 90<\/span><br style=\"outline: 0px; padding: 0px; margin: 0px;\" \/><span style=\"outline: 0px; padding: 0px; margin: 0px; font-family: Verdana, Arial, Helvetica, sans-serif;\">E-mail: szkola@moszielonka.pl<\/span><br style=\"outline: 0px; padding: 0px; margin: 0px;\" \/><span style=\"outline: 0px; padding: 0px; margin: 0px; font-family: Verdana, Arial, Helvetica, sans-serif;\"><br style=\"outline: 0px; padding: 0px; margin: 0px;\" \/><\/span><strong style=\"outline: 0px; padding: 0px; margin: 0px;\"><span style=\"outline: 0px; padding: 0px; margin: 0px; font-family: Verdana, Arial, Helvetica, sans-serif;\">ZAPRASZAMY !<\/span><\/strong><\/p><p style=\"outline: 0px; padding: 0px; margin-bottom: 10px; font-variant-numeric: normal; font-variant-east-asian: normal; font-stretch: normal; font-size: 14px; line-height: 20px; font-family: Arial, Tahoma, Verdana, serif; color: #383838;\">\u00a0<\/p><p style=\"outline: 0px; padding: 0px; margin-bottom: 10px; font-variant-numeric: normal; font-variant-east-asian: normal; font-stretch: normal; font-size: 14px; line-height: 20px; font-family: Arial, Tahoma, Verdana, serif; color: #383838;\"><strong style=\"outline: 0px; padding: 0px; margin: 0px;\"><em style=\"outline: 0px; padding: 0px; margin: 0px;\">Informacje o\u00a0przyj\u0119ciu do naszej szko\u0142y\u00a0bran\u017cowej w\u00a0zak\u0142adce Dla Rodzic\u00f3w\u00a0\u2192 Procedura przyj\u0119cia do MOS<\/em><\/strong><\/p>\t\t\t\t\t\t<\/div>\n\t\t\t\t<\/div>\n\t\t\t\t\t<\/div>\n\t\t<\/div>\n\t\t\t\t\t<\/div>\n\t\t<\/section>\n\t\t\t\t<section class=\"elementor-section elementor-top-section elementor-element elementor-element-d915a85 elementor-section-boxed elementor-section-height-default elementor-section-height-default\" data-id=\"d915a85\" data-element_type=\"section\">\n\t\t\t\t\t\t<div class=\"elementor-container elementor-column-gap-default\">\n\t\t\t\t\t<div class=\"elementor-column elementor-col-100 elementor-top-column elementor-element elementor-element-476241d\" data-id=\"476241d\" data-element_type=\"column\">\n\t\t\t<div class=\"elementor-widget-wrap\">\n\t\t\t\t\t\t\t<\/div>\n\t\t<\/div>\n\t\t\t\t\t<\/div>\n\t\t<\/section>\n\t\t\t\t<section class=\"elementor-section elementor-top-section elementor-element elementor-element-7fd9cdc elementor-section-boxed elementor-section-height-default elementor-section-height-default\" data-id=\"7fd9cdc\" data-element_type=\"section\">\n\t\t\t\t\t\t<div class=\"elementor-container elementor-column-gap-default\">\n\t\t\t\t\t<div class=\"elementor-column elementor-col-100 elementor-top-column elementor-element elementor-element-0172a07\" data-id=\"0172a07\" data-element_type=\"column\">\n\t\t\t<div class=\"elementor-widget-wrap elementor-element-populated\">\n\t\t\t\t\t\t<div class=\"elementor-element elementor-element-4bce228 elementor-widget elementor-widget-gallery\" data-id=\"4bce228\" data-element_type=\"widget\" data-settings=\"{&quot;lazyload&quot;:&quot;yes&quot;,&quot;gallery_layout&quot;:&quot;grid&quot;,&quot;columns&quot;:4,&quot;columns_tablet&quot;:2,&quot;columns_mobile&quot;:1,&quot;gap&quot;:{&quot;unit&quot;:&quot;px&quot;,&quot;size&quot;:10,&quot;sizes&quot;:[]},&quot;gap_tablet&quot;:{&quot;unit&quot;:&quot;px&quot;,&quot;size&quot;:10,&quot;sizes&quot;:[]},&quot;gap_mobile&quot;:{&quot;unit&quot;:&quot;px&quot;,&quot;size&quot;:10,&quot;sizes&quot;:[]},&quot;link_to&quot;:&quot;file&quot;,&quot;aspect_ratio&quot;:&quot;3:2&quot;,&quot;overlay_background&quot;:&quot;yes&quot;,&quot;content_hover_animation&quot;:&quot;fade-in&quot;}\" data-widget_type=\"gallery.default\">\n\t\t\t\t<div class=\"elementor-widget-container\">\n\t\t\t<style>\/*! elementor-pro - v3.6.4 - 15-03-2022 *\/\n.elementor-gallery__container{min-height:1px}.elementor-gallery-item{position:relative;overflow:hidden;display:block;text-decoration:none;border:solid var(--image-border-width) var(--image-border-color);border-radius:var(--image-border-radius)}.elementor-gallery-item__content,.elementor-gallery-item__overlay{height:100%;width:100%;position:absolute;top:0;left:0}.elementor-gallery-item__overlay{mix-blend-mode:var(--overlay-mix-blend-mode);-webkit-transition-duration:var(--overlay-transition-duration);-o-transition-duration:var(--overlay-transition-duration);transition-duration:var(--overlay-transition-duration);-webkit-transition-property:mix-blend-mode,opacity,background-color,-webkit-transform;transition-property:mix-blend-mode,opacity,background-color,-webkit-transform;-o-transition-property:mix-blend-mode,transform,opacity,background-color;transition-property:mix-blend-mode,transform,opacity,background-color;transition-property:mix-blend-mode,transform,opacity,background-color,-webkit-transform}.elementor-gallery-item__image.e-gallery-image{-webkit-transition-duration:var(--image-transition-duration);-o-transition-duration:var(--image-transition-duration);transition-duration:var(--image-transition-duration);-webkit-transition-property:-webkit-filter,-webkit-transform;transition-property:-webkit-filter,-webkit-transform;-o-transition-property:filter,transform;transition-property:filter,transform;transition-property:filter,transform,-webkit-filter,-webkit-transform}.elementor-gallery-item__content{display:-webkit-box;display:-ms-flexbox;display:flex;-webkit-box-orient:vertical;-webkit-box-direction:normal;-ms-flex-direction:column;flex-direction:column;-webkit-box-pack:var(--content-justify-content,center);-ms-flex-pack:var(--content-justify-content,center);justify-content:var(--content-justify-content,center);-webkit-box-align:center;-ms-flex-align:center;align-items:center;text-align:var(--content-text-align);padding:var(--content-padding)}.elementor-gallery-item__content>div{-webkit-transition-duration:var(--content-transition-duration);-o-transition-duration:var(--content-transition-duration);transition-duration:var(--content-transition-duration)}.elementor-gallery-item__content.elementor-gallery--sequenced-animation>div:nth-child(2){-webkit-transition-delay:calc((var(--content-transition-delay) \/ 3));-o-transition-delay:calc((var(--content-transition-delay) \/ 3));transition-delay:calc((var(--content-transition-delay) \/ 3))}.elementor-gallery-item__content.elementor-gallery--sequenced-animation>div:nth-child(3){-webkit-transition-delay:calc((var(--content-transition-delay) \/ 3) * 2);-o-transition-delay:calc((var(--content-transition-delay) \/ 3) * 2);transition-delay:calc((var(--content-transition-delay) \/ 3) * 2)}.elementor-gallery-item__content.elementor-gallery--sequenced-animation>div:nth-child(4){-webkit-transition-delay:calc((var(--content-transition-delay) \/ 3) * 3);-o-transition-delay:calc((var(--content-transition-delay) \/ 3) * 3);transition-delay:calc((var(--content-transition-delay) \/ 3) * 3)}.elementor-gallery-item__description{color:var(--description-text-color,#fff);width:100%}.elementor-gallery-item__title{color:var(--title-text-color,#fff);font-weight:700;width:100%}.elementor-gallery__titles-container{display:-webkit-box;display:-ms-flexbox;display:flex;-ms-flex-wrap:wrap;flex-wrap:wrap;-webkit-box-pack:var(--titles-container-justify-content,center);-ms-flex-pack:var(--titles-container-justify-content,center);justify-content:var(--titles-container-justify-content,center);margin-bottom:20px}.elementor-gallery__titles-container:not(.e--pointer-framed) .elementor-item:after,.elementor-gallery__titles-container:not(.e--pointer-framed) .elementor-item:before{background-color:var(--galleries-pointer-bg-color-hover)}.elementor-gallery__titles-container:not(.e--pointer-framed) .elementor-item.elementor-item-active:after,.elementor-gallery__titles-container:not(.e--pointer-framed) .elementor-item.elementor-item-active:before{background-color:var(--galleries-pointer-bg-color-active)}.elementor-gallery__titles-container.e--pointer-framed .elementor-item:before{border-color:var(--galleries-pointer-bg-color-hover);border-width:var(--galleries-pointer-border-width)}.elementor-gallery__titles-container.e--pointer-framed .elementor-item:after{border-color:var(--galleries-pointer-bg-color-hover)}.elementor-gallery__titles-container.e--pointer-framed .elementor-item.elementor-item-active:after,.elementor-gallery__titles-container.e--pointer-framed .elementor-item.elementor-item-active:before{border-color:var(--galleries-pointer-bg-color-active)}.elementor-gallery__titles-container.e--pointer-framed.e--animation-draw .elementor-item:before{border-left-width:var(--galleries-pointer-border-width);border-bottom-width:var(--galleries-pointer-border-width);border-right-width:0;border-top-width:0}.elementor-gallery__titles-container.e--pointer-framed.e--animation-draw .elementor-item:after{border-left-width:0;border-bottom-width:0;border-right-width:var(--galleries-pointer-border-width);border-top-width:var(--galleries-pointer-border-width)}.elementor-gallery__titles-container.e--pointer-framed.e--animation-corners .elementor-item:before{border-left-width:var(--galleries-pointer-border-width);border-bottom-width:0;border-right-width:0;border-top-width:var(--galleries-pointer-border-width)}.elementor-gallery__titles-container.e--pointer-framed.e--animation-corners .elementor-item:after{border-left-width:0;border-bottom-width:var(--galleries-pointer-border-width);border-right-width:var(--galleries-pointer-border-width);border-top-width:0}.elementor-gallery__titles-container .e--pointer-double-line .elementor-item:after,.elementor-gallery__titles-container .e--pointer-double-line .elementor-item:before,.elementor-gallery__titles-container .e--pointer-overline .elementor-item:before,.elementor-gallery__titles-container .e--pointer-underline .elementor-item:after{height:var(--galleries-pointer-border-width)}.elementor-gallery-title{--space-between:10px;cursor:pointer;color:#6d7882;font-weight:500;position:relative;padding:7px 14px;-webkit-transition:all .3s;-o-transition:all .3s;transition:all .3s}.elementor-gallery-title--active{color:#495157}.elementor-gallery-title:not(:last-child){margin-right:var(--space-between)}.elementor-gallery-item__title+.elementor-gallery-item__description{margin-top:var(--description-margin-top)}.e-gallery-item.elementor-gallery-item{-webkit-transition-property:all;-o-transition-property:all;transition-property:all}.e-gallery-item.elementor-animated-content .elementor-animated-item--enter-from-bottom,.e-gallery-item.elementor-animated-content .elementor-animated-item--enter-from-left,.e-gallery-item.elementor-animated-content .elementor-animated-item--enter-from-right,.e-gallery-item.elementor-animated-content .elementor-animated-item--enter-from-top,.e-gallery-item:hover .elementor-gallery__item-overlay-bg,.e-gallery-item:hover .elementor-gallery__item-overlay-content,.e-gallery-item:hover .elementor-gallery__item-overlay-content__description,.e-gallery-item:hover .elementor-gallery__item-overlay-content__title{opacity:1}a.elementor-item.elementor-gallery-title{color:var(--galleries-title-color-normal)}a.elementor-item.elementor-gallery-title.elementor-item-active,a.elementor-item.elementor-gallery-title.highlighted,a.elementor-item.elementor-gallery-title:focus,a.elementor-item.elementor-gallery-title:hover{color:var(--galleries-title-color-hover)}a.elementor-item.elementor-gallery-title.elementor-item-active{color:var(--gallery-title-color-active)}<\/style>\t\t<div class=\"elementor-gallery__container\">\n\t\t\t\t\t\t\t<a class=\"e-gallery-item elementor-gallery-item elementor-animated-content\" href=\"https:\/\/moszielonka.pl\/wp-content\/uploads\/2023\/07\/b31494ffb61458904670.jpg\" data-elementor-open-lightbox=\"yes\" data-elementor-lightbox-slideshow=\"all-4bce228\" data-elementor-lightbox-title=\"b31494ffb61458904670\" data-e-action-hash=\"#elementor-action%3Aaction%3Dlightbox%26settings%3DeyJpZCI6MjA3NiwidXJsIjoiaHR0cHM6XC9cL21vc3ppZWxvbmthLnBsXC93cC1jb250ZW50XC91cGxvYWRzXC8yMDIzXC8wN1wvYjMxNDk0ZmZiNjE0NTg5MDQ2NzAuanBnIiwic2xpZGVzaG93IjoiYWxsLTRiY2UyMjgifQ%3D%3D\">\n\t\t\t\t\t<div class=\"e-gallery-image elementor-gallery-item__image\" data-thumbnail=\"https:\/\/moszielonka.pl\/wp-content\/uploads\/2023\/07\/b31494ffb61458904670-300x225.jpg\" data-width=\"300\" data-height=\"225\" alt=\"\" ><\/div>\n\t\t\t\t\t\t\t\t\t\t\t<div class=\"elementor-gallery-item__overlay\"><\/div>\n\t\t\t\t\t\t\t\t\t\t\t\t\t\t<\/a>\n\t\t\t\t\t\t\t<a class=\"e-gallery-item elementor-gallery-item elementor-animated-content\" href=\"https:\/\/moszielonka.pl\/wp-content\/uploads\/2023\/07\/11e664f7b71458904678.jpg\" data-elementor-open-lightbox=\"yes\" data-elementor-lightbox-slideshow=\"all-4bce228\" data-elementor-lightbox-title=\"11e664f7b71458904678\" data-e-action-hash=\"#elementor-action%3Aaction%3Dlightbox%26settings%3DeyJpZCI6MjA3NCwidXJsIjoiaHR0cHM6XC9cL21vc3ppZWxvbmthLnBsXC93cC1jb250ZW50XC91cGxvYWRzXC8yMDIzXC8wN1wvMTFlNjY0ZjdiNzE0NTg5MDQ2NzguanBnIiwic2xpZGVzaG93IjoiYWxsLTRiY2UyMjgifQ%3D%3D\">\n\t\t\t\t\t<div class=\"e-gallery-image elementor-gallery-item__image\" data-thumbnail=\"https:\/\/moszielonka.pl\/wp-content\/uploads\/2023\/07\/11e664f7b71458904678-300x225.jpg\" data-width=\"300\" data-height=\"225\" alt=\"\" ><\/div>\n\t\t\t\t\t\t\t\t\t\t\t<div class=\"elementor-gallery-item__overlay\"><\/div>\n\t\t\t\t\t\t\t\t\t\t\t\t\t\t<\/a>\n\t\t\t\t\t\t\t<a class=\"e-gallery-item elementor-gallery-item elementor-animated-content\" href=\"https:\/\/moszielonka.pl\/wp-content\/uploads\/2023\/07\/253732e75a1458904666.jpg\" data-elementor-open-lightbox=\"yes\" data-elementor-lightbox-slideshow=\"all-4bce228\" data-elementor-lightbox-title=\"253732e75a1458904666\" data-e-action-hash=\"#elementor-action%3Aaction%3Dlightbox%26settings%3DeyJpZCI6MjA3NSwidXJsIjoiaHR0cHM6XC9cL21vc3ppZWxvbmthLnBsXC93cC1jb250ZW50XC91cGxvYWRzXC8yMDIzXC8wN1wvMjUzNzMyZTc1YTE0NTg5MDQ2NjYuanBnIiwic2xpZGVzaG93IjoiYWxsLTRiY2UyMjgifQ%3D%3D\">\n\t\t\t\t\t<div class=\"e-gallery-image elementor-gallery-item__image\" data-thumbnail=\"https:\/\/moszielonka.pl\/wp-content\/uploads\/2023\/07\/253732e75a1458904666-300x225.jpg\" data-width=\"300\" data-height=\"225\" alt=\"\" ><\/div>\n\t\t\t\t\t\t\t\t\t\t\t<div class=\"elementor-gallery-item__overlay\"><\/div>\n\t\t\t\t\t\t\t\t\t\t\t\t\t\t<\/a>\n\t\t\t\t\t\t\t<a class=\"e-gallery-item elementor-gallery-item elementor-animated-content\" href=\"https:\/\/moszielonka.pl\/wp-content\/uploads\/2023\/07\/f9f1c3b56a1458904674.jpg\" data-elementor-open-lightbox=\"yes\" data-elementor-lightbox-slideshow=\"all-4bce228\" data-elementor-lightbox-title=\"f9f1c3b56a1458904674\" data-e-action-hash=\"#elementor-action%3Aaction%3Dlightbox%26settings%3DeyJpZCI6MjA3NywidXJsIjoiaHR0cHM6XC9cL21vc3ppZWxvbmthLnBsXC93cC1jb250ZW50XC91cGxvYWRzXC8yMDIzXC8wN1wvZjlmMWMzYjU2YTE0NTg5MDQ2NzQuanBnIiwic2xpZGVzaG93IjoiYWxsLTRiY2UyMjgifQ%3D%3D\">\n\t\t\t\t\t<div class=\"e-gallery-image elementor-gallery-item__image\" data-thumbnail=\"https:\/\/moszielonka.pl\/wp-content\/uploads\/2023\/07\/f9f1c3b56a1458904674-300x225.jpg\" data-width=\"300\" data-height=\"225\" alt=\"\" ><\/div>\n\t\t\t\t\t\t\t\t\t\t\t<div class=\"elementor-gallery-item__overlay\"><\/div>\n\t\t\t\t\t\t\t\t\t\t\t\t\t\t<\/a>\n\t\t\t\t\t<\/div>\n\t\t\t<\/div>\n\t\t\t\t<\/div>\n\t\t\t\t\t<\/div>\n\t\t<\/div>\n\t\t\t\t\t<\/div>\n\t\t<\/section>\n\t\t\t\t<\/div>\n\t\t","protected":false},"excerpt":{"rendered":"<p>1. Niepubliczna Szko\u0142a Bran\u017cowa I\u00a0Stopnia w\u00a0Zielonce rozpocz\u0119\u0142a dzia\u0142alno\u015b\u0107 01 wrze\u015bnia 2014r.2. Kszta\u0142ci [&hellip;]<\/p>\n","protected":false},"author":1,"featured_media":0,"parent":1174,"menu_order":14,"comment_status":"closed","ping_status":"closed","template":"","meta":{"footnotes":""},"class_list":["post-1178","page","type-page","status-publish","hentry"],"_links":{"self":[{"href":"https:\/\/moszielonka.pl\/index.php\/wp-json\/wp\/v2\/pages\/1178","targetHints":{"allow":["GET"]}}],"collection":[{"href":"https:\/\/moszielonka.pl\/index.php\/wp-json\/wp\/v2\/pages"}],"about":[{"href":"https:\/\/moszielonka.pl\/index.php\/wp-json\/wp\/v2\/types\/page"}],"author":[{"embeddable":true,"href":"https:\/\/moszielonka.pl\/index.php\/wp-json\/wp\/v2\/users\/1"}],"replies":[{"embeddable":true,"href":"https:\/\/moszielonka.pl\/index.php\/wp-json\/wp\/v2\/comments?post=1178"}],"version-history":[{"count":0,"href":"https:\/\/moszielonka.pl\/index.php\/wp-json\/wp\/v2\/pages\/1178\/revisions"}],"up":[{"embeddable":true,"href":"https:\/\/moszielonka.pl\/index.php\/wp-json\/wp\/v2\/pages\/1174"}],"wp:attachment":[{"href":"https:\/\/moszielonka.pl\/index.php\/wp-json\/wp\/v2\/media?parent=1178"}],"curies":[{"name":"wp","href":"https:\/\/api.w.org\/{rel}","templated":true}]}}